{"id":5,"date":"2021-08-04T14:52:15","date_gmt":"2021-08-04T14:52:15","guid":{"rendered":"https:\/\/propriozeption.ch\/?page_id=5"},"modified":"2021-08-05T07:33:26","modified_gmt":"2021-08-05T07:33:26","slug":"create-your-website-with-blocks","status":"publish","type":"page","link":"https:\/\/propriozeption.ch\/","title":{"rendered":"Wieviele Sinne haben wir?"},"content":{"rendered":"\n<div style=\"height:100px\" aria-hidden=\"true\" class=\"wp-block-spacer\"><\/div>\n\n\n\n<div class=\"wp-block-columns alignwide are-vertically-aligned-center is-style-twentytwentyone-columns-overlap is-layout-flex wp-container-core-columns-is-layout-9d6595d7 wp-block-columns-is-layout-flex\">\n<div class=\"wp-block-column is-vertically-aligned-center is-layout-flow wp-block-column-is-layout-flow\">\n<figure class=\"wp-block-image alignfull size-large is-style-default\"><img loading=\"lazy\" decoding=\"async\" width=\"1024\" height=\"768\" src=\"https:\/\/propriozeption.ch\/wp-content\/uploads\/2021\/08\/IMG_20191008_083018-1024x768.jpg\" alt=\"\" class=\"wp-image-30\" srcset=\"https:\/\/propriozeption.ch\/wp-content\/uploads\/2021\/08\/IMG_20191008_083018-1024x768.jpg 1024w, https:\/\/propriozeption.ch\/wp-content\/uploads\/2021\/08\/IMG_20191008_083018-300x225.jpg 300w, https:\/\/propriozeption.ch\/wp-content\/uploads\/2021\/08\/IMG_20191008_083018-768x576.jpg 768w, https:\/\/propriozeption.ch\/wp-content\/uploads\/2021\/08\/IMG_20191008_083018-1536x1152.jpg 1536w, https:\/\/propriozeption.ch\/wp-content\/uploads\/2021\/08\/IMG_20191008_083018-2048x1536.jpg 2048w\" sizes=\"auto, (max-width: 1024px) 100vw, 1024px\" \/><figcaption>Was h\u00f6rst Du?<\/figcaption><\/figure>\n\n\n\n<div style=\"height:100px\" aria-hidden=\"true\" class=\"wp-block-spacer\"><\/div>\n\n\n\n<figure class=\"wp-block-image alignfull size-large is-style-twentytwentyone-image-frame\"><img loading=\"lazy\" decoding=\"async\" width=\"1024\" height=\"768\" src=\"https:\/\/propriozeption.ch\/wp-content\/uploads\/2021\/08\/IMG_20191005_115023-1024x768.jpg\" alt=\"\" class=\"wp-image-33\" srcset=\"https:\/\/propriozeption.ch\/wp-content\/uploads\/2021\/08\/IMG_20191005_115023-1024x768.jpg 1024w, https:\/\/propriozeption.ch\/wp-content\/uploads\/2021\/08\/IMG_20191005_115023-300x225.jpg 300w, https:\/\/propriozeption.ch\/wp-content\/uploads\/2021\/08\/IMG_20191005_115023-768x576.jpg 768w, https:\/\/propriozeption.ch\/wp-content\/uploads\/2021\/08\/IMG_20191005_115023-1536x1152.jpg 1536w, https:\/\/propriozeption.ch\/wp-content\/uploads\/2021\/08\/IMG_20191005_115023-2048x1536.jpg 2048w\" sizes=\"auto, (max-width: 1024px) 100vw, 1024px\" \/><figcaption>Was siehst Du?<\/figcaption><\/figure>\n\n\n\n<figure class=\"wp-block-image size-large\"><img loading=\"lazy\" decoding=\"async\" width=\"1024\" height=\"768\" src=\"https:\/\/propriozeption.ch\/wp-content\/uploads\/2021\/08\/IMG_20190413_184744-1024x768.jpg\" alt=\"\" class=\"wp-image-35\" srcset=\"https:\/\/propriozeption.ch\/wp-content\/uploads\/2021\/08\/IMG_20190413_184744-1024x768.jpg 1024w, https:\/\/propriozeption.ch\/wp-content\/uploads\/2021\/08\/IMG_20190413_184744-300x225.jpg 300w, https:\/\/propriozeption.ch\/wp-content\/uploads\/2021\/08\/IMG_20190413_184744-768x576.jpg 768w, https:\/\/propriozeption.ch\/wp-content\/uploads\/2021\/08\/IMG_20190413_184744-1536x1152.jpg 1536w, https:\/\/propriozeption.ch\/wp-content\/uploads\/2021\/08\/IMG_20190413_184744-2048x1536.jpg 2048w\" sizes=\"auto, (max-width: 1024px) 100vw, 1024px\" \/><figcaption>Was schmeckst Du?<\/figcaption><\/figure>\n<\/div>\n\n\n\n<div class=\"wp-block-column is-vertically-aligned-center is-layout-flow wp-block-column-is-layout-flow\">\n<div style=\"height:100px\" aria-hidden=\"true\" class=\"wp-block-spacer\"><\/div>\n\n\n\n<figure class=\"wp-block-image size-large alignfull size-full is-style-twentytwentyone-border\"><img loading=\"lazy\" decoding=\"async\" width=\"1024\" height=\"768\" src=\"https:\/\/propriozeption.ch\/wp-content\/uploads\/2021\/08\/IMG_20181126_180138-1024x768.jpg\" alt=\"\" class=\"wp-image-27\" srcset=\"https:\/\/propriozeption.ch\/wp-content\/uploads\/2021\/08\/IMG_20181126_180138-1024x768.jpg 1024w, https:\/\/propriozeption.ch\/wp-content\/uploads\/2021\/08\/IMG_20181126_180138-300x225.jpg 300w, https:\/\/propriozeption.ch\/wp-content\/uploads\/2021\/08\/IMG_20181126_180138-768x576.jpg 768w, https:\/\/propriozeption.ch\/wp-content\/uploads\/2021\/08\/IMG_20181126_180138-1536x1152.jpg 1536w, https:\/\/propriozeption.ch\/wp-content\/uploads\/2021\/08\/IMG_20181126_180138-2048x1536.jpg 2048w\" sizes=\"auto, (max-width: 1024px) 100vw, 1024px\" \/><figcaption>Was riechst Du?<\/figcaption><\/figure>\n\n\n\n<figure class=\"wp-block-image size-large\"><img loading=\"lazy\" decoding=\"async\" width=\"1024\" height=\"768\" src=\"https:\/\/propriozeption.ch\/wp-content\/uploads\/2021\/08\/IMG_20190303_174753_BURST8-1024x768.jpg\" alt=\"\" class=\"wp-image-34\" srcset=\"https:\/\/propriozeption.ch\/wp-content\/uploads\/2021\/08\/IMG_20190303_174753_BURST8-1024x768.jpg 1024w, https:\/\/propriozeption.ch\/wp-content\/uploads\/2021\/08\/IMG_20190303_174753_BURST8-300x225.jpg 300w, https:\/\/propriozeption.ch\/wp-content\/uploads\/2021\/08\/IMG_20190303_174753_BURST8-768x576.jpg 768w, https:\/\/propriozeption.ch\/wp-content\/uploads\/2021\/08\/IMG_20190303_174753_BURST8-1536x1152.jpg 1536w, https:\/\/propriozeption.ch\/wp-content\/uploads\/2021\/08\/IMG_20190303_174753_BURST8-2048x1536.jpg 2048w\" sizes=\"auto, (max-width: 1024px) 100vw, 1024px\" \/><figcaption>Was f\u00fchlst Du?<\/figcaption><\/figure>\n<\/div>\n<\/div>\n\n\n\n<div style=\"height:50px\" aria-hidden=\"true\" class=\"wp-block-spacer\"><\/div>\n\n\n\n<div class=\"wp-block-columns alignwide are-vertically-aligned-top is-layout-flex wp-container-core-columns-is-layout-9d6595d7 wp-block-columns-is-layout-flex\">\n<div class=\"wp-block-column is-vertically-aligned-top is-layout-flow wp-block-column-is-layout-flow\">\n<h3 class=\"wp-block-heading\">Ist da nicht noch was?<\/h3>\n\n\n\n<p>Im Gef\u00fchl hatte ich schon lange, dass da noch was sein m\u00fcsste. <br>Als Kind in den verschiedensten Sportarten aktiv, sp\u00e4ter Tai Chi gelernt und heute Lu Jong unterrichtend und Einrad fahrend, war mir mein K\u00f6rper immer sehr wichtig.<\/p>\n<\/div>\n\n\n\n<div class=\"wp-block-column is-vertically-aligned-top is-layout-flow wp-block-column-is-layout-flow\">\n<h3 class=\"wp-block-heading\">Kernerlebnis<\/h3>\n\n\n\n<p>Um irgendwo etwas zu \u00e4ndern brauchen wir Anhaltspunkte: Erkenntnisse, Hindernisse, Blockaden, einen Unfall, eine Ablehnung. Diese k\u00f6nnen von innen oder aussen kommen.<br>Mit diesem Filmbeitrag wurde mein Gef\u00fchl best\u00e4rkt: <a href=\"http:\/\/www.film-documentaire.fr\/4DACTION\/w_fiche_film\/57541_1\">Twenty Twenty-One<\/a><\/p>\n<\/div>\n\n\n\n<div class=\"wp-block-column is-vertically-aligned-top is-layout-flow wp-block-column-is-layout-flow\">\n<h3 class=\"wp-block-heading\">Dauerbrenner<\/h3>\n\n\n\n<p>Ab einem Zeitpunkt packte mich das innere Feuer. Wie f\u00fchlt sich Propriozeption an? K\u00f6rperspannung, Balance, Koordination, Timing, wie komme ich in den Flow? Was entfernt mich vom Flow?<br>Die Anleitung bekam ich in Form von Lu Jong und meine Erfarhrungen gebe ich gerne weiter.<\/p>\n<\/div>\n<\/div>\n\n\n\n<div style=\"height:100px\" aria-hidden=\"true\" class=\"wp-block-spacer\"><\/div>\n\n\n\n<div class=\"wp-block-cover alignwide has-green-background-color has-background-dim is-style-twentytwentyone-border\"><div class=\"wp-block-cover__inner-container is-layout-flow wp-block-cover-is-layout-flow\">\n<div style=\"height:20px\" aria-hidden=\"true\" class=\"wp-block-spacer\"><\/div>\n\n\n\n<p class=\"has-huge-font-size\"><span class=\"has-inline-color has-luminous-vivid-orange-color\">Lu Jong &#8211; Der einfache Weg zu seinem K\u00f6rper zu finden<\/span><\/p>\n\n\n\n<div class=\"wp-block-columns is-layout-flex wp-container-core-columns-is-layout-9d6595d7 wp-block-columns-is-layout-flex\">\n<div class=\"wp-block-column is-layout-flow wp-block-column-is-layout-flow\">\n<p><a href=\"http:\/\/lujong.vhx.tv\/\">Online Unterricht mit Rudolf R\u00e4ber<\/a><\/p>\n<\/div>\n\n\n\n<div class=\"wp-block-column is-layout-flow wp-block-column-is-layout-flow\">\n<p><a href=\"https:\/\/tulkulobsang.org\">In direkter \u00dcbertragung durch Tulku Lobsang<\/a><\/p>\n<\/div>\n<\/div>\n\n\n\n<div style=\"height:20px\" aria-hidden=\"true\" class=\"wp-block-spacer\"><\/div>\n<\/div><\/div>\n\n\n\n<p><\/p>\n","protected":false},"excerpt":{"rendered":"<p>Ist da nicht noch was? Im Gef\u00fchl hatte ich schon lange, dass da noch was sein m\u00fcsste. Als Kind in den verschiedensten Sportarten aktiv,&#8230;<\/p>\n","protected":false},"author":1,"featured_media":0,"parent":0,"menu_order":0,"comment_status":"closed","ping_status":"closed","template":"","meta":{"footnotes":""},"class_list":["post-5","page","type-page","status-publish","hentry"],"_links":{"self":[{"href":"https:\/\/propriozeption.ch\/index.php?rest_route=\/wp\/v2\/pages\/5","targetHints":{"allow":["GET"]}}],"collection":[{"href":"https:\/\/propriozeption.ch\/index.php?rest_route=\/wp\/v2\/pages"}],"about":[{"href":"https:\/\/propriozeption.ch\/index.php?rest_route=\/wp\/v2\/types\/page"}],"author":[{"embeddable":true,"href":"https:\/\/propriozeption.ch\/index.php?rest_route=\/wp\/v2\/users\/1"}],"replies":[{"embeddable":true,"href":"https:\/\/propriozeption.ch\/index.php?rest_route=%2Fwp%2Fv2%2Fcomments&post=5"}],"version-history":[{"count":14,"href":"https:\/\/propriozeption.ch\/index.php?rest_route=\/wp\/v2\/pages\/5\/revisions"}],"predecessor-version":[{"id":60,"href":"https:\/\/propriozeption.ch\/index.php?rest_route=\/wp\/v2\/pages\/5\/revisions\/60"}],"wp:attachment":[{"href":"https:\/\/propriozeption.ch\/index.php?rest_route=%2Fwp%2Fv2%2Fmedia&parent=5"}],"curies":[{"name":"wp","href":"https:\/\/api.w.org\/{rel}","templated":true}]}}